{"id":4684,"date":"2025-05-07T09:24:05","date_gmt":"2025-05-07T09:24:05","guid":{"rendered":"https:\/\/diner24nyc.com\/?post_type=product&#038;p=4684"},"modified":"2025-05-10T06:06:09","modified_gmt":"2025-05-10T06:06:09","slug":"felpe-grigie-con-cappuccio","status":"publish","type":"product","link":"https:\/\/diner24nyc.com\/it\/shop\/gray-hoodies\/","title":{"rendered":"Felpe con cappuccio grigie"},"content":{"rendered":"<p>L \u00e8 in realt\u00e0 una S<\/p>\n<p>XL \u00e8 in realt\u00e0 una M<\/p>\n<p>La 2XL \u00e8 in realt\u00e0 una L<\/p>","protected":false},"excerpt":{"rendered":"<p>La L \u00e8 in realt\u00e0 una S La XL \u00e8 in realt\u00e0 una M La 2XL \u00e8 in realt\u00e0 una L<\/p>","protected":false},"featured_media":4685,"comment_status":"closed","ping_status":"closed","template":"","meta":[],"product_brand":[],"product_cat":[64],"product_tag":[],"class_list":{"0":"post-4684","1":"product","2":"type-product","3":"status-publish","4":"has-post-thumbnail","6":"product_cat-merchandise","8":"first","9":"instock","10":"shipping-taxable","11":"purchasable","12":"product-type-variable"},"aioseo_notices":[],"_links":{"self":[{"href":"https:\/\/diner24nyc.com\/it\/wp-json\/wp\/v2\/product\/4684","targetHints":{"allow":["GET"]}}],"collection":[{"href":"https:\/\/diner24nyc.com\/it\/wp-json\/wp\/v2\/product"}],"about":[{"href":"https:\/\/diner24nyc.com\/it\/wp-json\/wp\/v2\/types\/product"}],"replies":[{"embeddable":true,"href":"https:\/\/diner24nyc.com\/it\/wp-json\/wp\/v2\/comments?post=4684"}],"wp:featuredmedia":[{"embeddable":true,"href":"https:\/\/diner24nyc.com\/it\/wp-json\/wp\/v2\/media\/4685"}],"wp:attachment":[{"href":"https:\/\/diner24nyc.com\/it\/wp-json\/wp\/v2\/media?parent=4684"}],"wp:term":[{"taxonomy":"product_brand","embeddable":true,"href":"https:\/\/diner24nyc.com\/it\/wp-json\/wp\/v2\/product_brand?post=4684"},{"taxonomy":"product_cat","embeddable":true,"href":"https:\/\/diner24nyc.com\/it\/wp-json\/wp\/v2\/product_cat?post=4684"},{"taxonomy":"product_tag","embeddable":true,"href":"https:\/\/diner24nyc.com\/it\/wp-json\/wp\/v2\/product_tag?post=4684"}],"curies":[{"name":"wp","href":"https:\/\/api.w.org\/{rel}","templated":true}]}}